{"id":691,"date":"2021-11-26T17:31:06","date_gmt":"2021-11-26T20:31:06","guid":{"rendered":"https:\/\/ambientedetestes.com.br\/labquest\/?page_id=691"},"modified":"2022-07-04T20:13:06","modified_gmt":"2022-07-04T23:13:06","slug":"nosotros","status":"publish","type":"page","link":"https:\/\/labquest.com.br\/es\/nosotros\/","title":{"rendered":"Nosotros"},"content":{"rendered":"\t\t<div data-elementor-type=\"wp-page\" data-elementor-id=\"691\" class=\"elementor elementor-691\" data-elementor-settings=\"{&quot;ha_cmc_init_switcher&quot;:&quot;no&quot;}\">\n\t\t\t\t\t\t<section class=\"elementor-section elementor-top-section elementor-element elementor-element-ec93603 elementor-section-boxed elementor-section-height-default elementor-section-height-default\" data-id=\"ec93603\" data-element_type=\"section\" data-settings=\"{&quot;background_background&quot;:&quot;classic&quot;,&quot;_ha_eqh_enable&quot;:false}\">\n\t\t\t\t\t\t<div class=\"elementor-container elementor-column-gap-default\">\n\t\t\t\t\t<div class=\"elementor-column elementor-col-100 elementor-top-column elementor-element elementor-element-3112197\" data-id=\"3112197\" data-element_type=\"column\">\n\t\t\t<div class=\"elementor-widget-wrap elementor-element-populated\">\n\t\t\t\t\t\t<div class=\"elementor-element elementor-element-7c095a5 elementor-invisible elementor-widget elementor-widget-heading\" data-id=\"7c095a5\" data-element_type=\"widget\" data-settings=\"{&quot;_animation&quot;:&quot;fadeInUp&quot;}\" data-widget_type=\"heading.default\">\n\t\t\t\t<div class=\"elementor-widget-container\">\n\t\t\t\t\t<h1 class=\"elementor-heading-title elementor-size-default\">\u00bfQui\u00e9nes somos?<\/h1>\t\t\t\t<\/div>\n\t\t\t\t<\/div>\n\t\t\t\t<div class=\"elementor-element elementor-element-0c24106 elementor-invisible elementor-widget elementor-widget-text-editor\" data-id=\"0c24106\" data-element_type=\"widget\" data-settings=\"{&quot;_animation&quot;:&quot;fadeInUp&quot;}\" data-widget_type=\"text-editor.default\">\n\t\t\t\t<div class=\"elementor-widget-container\">\n\t\t\t\t\t\t\t\t\t<p>Especializada en realizar estudios de <strong>Healthcare<\/strong> para su negocio, Labquest realiza el reclutamiento y la recolecci\u00f3n de datos para <strong>estudios de mercado<\/strong>, aportando soluciones y transformando datos en estrategias que contribuyan en el proceso de tomada de decisiones. Trabajamos con un estricto control de calidad, verificaci\u00f3n y validaci\u00f3n de la informaci\u00f3n recolectada y enfocados en la visi\u00f3n del cliente. Con servicios de alta calidad y eficiencia, realizamos un servicio personalizado para atender las necesidades de cada cliente.<\/p><p>Tenemos un equipo especializado en reclutamiento e investigaci\u00f3n, biling\u00fce y preparado para reclutar candidatos y recolectar datos para realizar estudios de mercado en todo el territorio brasile\u00f1o.<\/p><p>Uno de los enfoques de Labquest es definir y dar forma a las estrategias de las investigaciones de mercado para el segmento de salud y bienestar. Al ofrecer soluciones de estudios de mercado y orientaci\u00f3n, nuestro objetivo es ayudar con los insights para proyectar estrategias de \u00e9xito en este ambiente desafiador.<\/p><p>Contamos con diferentes servicios para atenderle, tales como: investigaciones y <strong>estudios cualitativos y cualitativos<\/strong> y servicios de traducci\u00f3n y transcripci\u00f3n.<\/p><p>Formamos parte del grupo Eurekah, que act\u00faa hace 9 a\u00f1os en el mercado de estudios e investigaciones cualitativas y cuantitativas. Somos especialistas en el reclutamiento y la recolecci\u00f3n de resultados. Contamos con un amplio panel de estudio de mercado en el segmento de Healthcare, que nos permite ofrecer un servicio personalizado para los diferentes sectores dentro de este mercado.<\/p>\t\t\t\t\t\t\t\t<\/div>\n\t\t\t\t<\/div>\n\t\t\t\t\t<\/div>\n\t\t<\/div>\n\t\t\t\t\t<\/div>\n\t\t<\/section>\n\t\t\t\t<section class=\"elementor-section elementor-top-section elementor-element elementor-element-adccff2 elementor-section-height-min-height elementor-section-boxed elementor-section-height-default elementor-section-items-middle\" data-id=\"adccff2\" data-element_type=\"section\" data-settings=\"{&quot;background_background&quot;:&quot;classic&quot;,&quot;_ha_eqh_enable&quot;:false}\">\n\t\t\t\t\t\t<div class=\"elementor-container elementor-column-gap-default\">\n\t\t\t\t\t<div class=\"elementor-column elementor-col-100 elementor-top-column elementor-element elementor-element-5fb68ac\" data-id=\"5fb68ac\" data-element_type=\"column\">\n\t\t\t<div class=\"elementor-widget-wrap\">\n\t\t\t\t\t\t\t<\/div>\n\t\t<\/div>\n\t\t\t\t\t<\/div>\n\t\t<\/section>\n\t\t\t\t<section class=\"elementor-section elementor-top-section elementor-element elementor-element-3b44f9f elementor-section-boxed elementor-section-height-default elementor-section-height-default\" data-id=\"3b44f9f\" data-element_type=\"section\" data-settings=\"{&quot;background_background&quot;:&quot;classic&quot;,&quot;_ha_eqh_enable&quot;:false}\">\n\t\t\t\t\t\t<div class=\"elementor-container elementor-column-gap-default\">\n\t\t\t\t\t<div class=\"elementor-column elementor-col-50 elementor-top-column elementor-element elementor-element-496bea6\" data-id=\"496bea6\" data-element_type=\"column\">\n\t\t\t<div class=\"elementor-widget-wrap elementor-element-populated\">\n\t\t\t\t\t\t<div class=\"elementor-element elementor-element-bac8659 elementor-widget elementor-widget-heading\" data-id=\"bac8659\" data-element_type=\"widget\" data-widget_type=\"heading.default\">\n\t\t\t\t<div class=\"elementor-widget-container\">\n\t\t\t\t\t<h2 class=\"elementor-heading-title elementor-size-default\">Nuestra <br \/>estructura<\/h2>\t\t\t\t<\/div>\n\t\t\t\t<\/div>\n\t\t\t\t\t<\/div>\n\t\t<\/div>\n\t\t\t\t<div class=\"elementor-column elementor-col-50 elementor-top-column elementor-element elementor-element-b47f578\" data-id=\"b47f578\" data-element_type=\"column\">\n\t\t\t<div class=\"elementor-widget-wrap elementor-element-populated\">\n\t\t\t\t\t\t<div class=\"elementor-element elementor-element-0238510 elementor-widget elementor-widget-text-editor\" data-id=\"0238510\" data-element_type=\"widget\" data-widget_type=\"text-editor.default\">\n\t\t\t\t<div class=\"elementor-widget-container\">\n\t\t\t\t\t\t\t\t\t<p>Contamos con dos oficinas estrat\u00e9gicamente localizadas en el centro de S\u00e3o Paulo (Rep\u00fablica) para facilitar el acceso y la movilidad de los encuestados y un amplio panel de m\u00e9dicos y profesionales sanitarios registrados. Tenemos una estructura preparada para realizar diferentes tipos de estudios e investigaciones.<\/p><p>Nuestras salas est\u00e1n equipadas con tel\u00e9fonos, computadoras, Wi-Fi, aire acondicionado, cocina con microondas y nevera, mesas y sillas para que los encuestados se sientan m\u00e1s c\u00f3modos en las entrevistas presenciales y personales y en las pruebas de productos.<\/p>\t\t\t\t\t\t\t\t<\/div>\n\t\t\t\t<\/div>\n\t\t\t\t\t<\/div>\n\t\t<\/div>\n\t\t\t\t\t<\/div>\n\t\t<\/section>\n\t\t\t\t<section class=\"elementor-section elementor-top-section elementor-element elementor-element-2c0fe1d elementor-section-boxed elementor-section-height-default elementor-section-height-default\" data-id=\"2c0fe1d\" data-element_type=\"section\" data-settings=\"{&quot;background_background&quot;:&quot;classic&quot;,&quot;_ha_eqh_enable&quot;:false}\">\n\t\t\t\t\t\t<div class=\"elementor-container elementor-column-gap-default\">\n\t\t\t\t\t<div class=\"elementor-column elementor-col-50 elementor-top-column elementor-element elementor-element-6280171\" data-id=\"6280171\" data-element_type=\"column\">\n\t\t\t<div class=\"elementor-widget-wrap elementor-element-populated\">\n\t\t\t\t\t\t<div class=\"elementor-element elementor-element-a9ae25c elementor-widget elementor-widget-heading\" data-id=\"a9ae25c\" data-element_type=\"widget\" data-widget_type=\"heading.default\">\n\t\t\t\t<div class=\"elementor-widget-container\">\n\t\t\t\t\t<h2 class=\"elementor-heading-title elementor-size-default\">Nuestro <br>equipo<\/h2>\t\t\t\t<\/div>\n\t\t\t\t<\/div>\n\t\t\t\t\t<\/div>\n\t\t<\/div>\n\t\t\t\t<div class=\"elementor-column elementor-col-50 elementor-top-column elementor-element elementor-element-262605d\" data-id=\"262605d\" data-element_type=\"column\">\n\t\t\t<div class=\"elementor-widget-wrap elementor-element-populated\">\n\t\t\t\t\t\t<div class=\"elementor-element elementor-element-718b77f elementor-widget elementor-widget-text-editor\" data-id=\"718b77f\" data-element_type=\"widget\" data-widget_type=\"text-editor.default\">\n\t\t\t\t<div class=\"elementor-widget-container\">\n\t\t\t\t\t\t\t\t\t<p>Nuestro equipo tiene m\u00e1s de 20 a\u00f1os de experiencia en el mercado de investigaci\u00f3n y tiene experiencia en los Institutos m\u00e1s renombrados del sector sanitario.<\/p><p>Estamos preparados para ofrecer las mejores soluciones en reclutamiento y recolecci\u00f3n de resultados de <strong>estudios de mercado, cualitativos o cuantitativos<\/strong>, con foco en Healthcare.<\/p>\t\t\t\t\t\t\t\t<\/div>\n\t\t\t\t<\/div>\n\t\t\t\t\t<\/div>\n\t\t<\/div>\n\t\t\t\t\t<\/div>\n\t\t<\/section>\n\t\t\t\t<section class=\"elementor-section elementor-top-section elementor-element elementor-element-f8998ff elementor-section-full_width elementor-reverse-tablet elementor-reverse-mobile elementor-section-height-default elementor-section-height-default\" data-id=\"f8998ff\" data-element_type=\"section\" data-settings=\"{&quot;background_background&quot;:&quot;classic&quot;,&quot;_ha_eqh_enable&quot;:false}\">\n\t\t\t\t\t\t<div class=\"elementor-container elementor-column-gap-default\">\n\t\t\t\t\t<div class=\"elementor-column elementor-col-50 elementor-top-column elementor-element elementor-element-de5258a\" data-id=\"de5258a\" data-element_type=\"column\" data-settings=\"{&quot;background_background&quot;:&quot;classic&quot;}\">\n\t\t\t<div class=\"elementor-widget-wrap elementor-element-populated\">\n\t\t\t\t\t\t<section class=\"elementor-section elementor-inner-section elementor-element elementor-element-46d759d elementor-section-boxed elementor-section-height-default elementor-section-height-default\" data-id=\"46d759d\" data-element_type=\"section\" data-settings=\"{&quot;_ha_eqh_enable&quot;:false}\">\n\t\t\t\t\t\t<div class=\"elementor-container elementor-column-gap-default\">\n\t\t\t\t\t<div class=\"elementor-column elementor-col-100 elementor-inner-column elementor-element elementor-element-c65c5da\" data-id=\"c65c5da\" data-element_type=\"column\">\n\t\t\t<div class=\"elementor-widget-wrap elementor-element-populated\">\n\t\t\t\t\t\t<div class=\"elementor-element elementor-element-f903e52 elementor-position-left elementor-vertical-align-top elementor-widget elementor-widget-image-box\" data-id=\"f903e52\" data-element_type=\"widget\" data-widget_type=\"image-box.default\">\n\t\t\t\t<div class=\"elementor-widget-container\">\n\t\t\t\t\t<div class=\"elementor-image-box-wrapper\"><figure class=\"elementor-image-box-img\"><img decoding=\"async\" width=\"78\" height=\"79\" src=\"https:\/\/labquest.com.br\/es\/wp-content\/uploads\/2021\/11\/labquest_icon_1.png\" class=\"attachment-full size-full wp-image-740\" alt=\"\" \/><\/figure><div class=\"elementor-image-box-content\"><h3 class=\"elementor-image-box-title\">Nuestra misi\u00f3n<\/h3><p class=\"elementor-image-box-description\"><p>Desarrollar proyectos de estudios de mercado en el segmento de la salud (laboratorios farmac\u00e9uticos, m\u00e9dicos, pacientes y fuentes privadas y p\u00fablicas entre otros), de forma inteligente y eficiente. Encontrar al p\u00fablico objetivo ideal para los estudios de mercado Healthcare.<\/p>\n<p>Ofrecer resultados centrados en el cliente, con seriedad y transparencia. Acompa\u00f1ar la evoluci\u00f3n y las tendencias tecnol\u00f3gicas del mercado, centr\u00e1ndose en la ejecuci\u00f3n de la contrataci\u00f3n, selecci\u00f3n de candidatos y recolecci\u00f3n de datos con excelencia y agilidad.<\/p><\/p><\/div><\/div>\t\t\t\t<\/div>\n\t\t\t\t<\/div>\n\t\t\t\t<div class=\"elementor-element elementor-element-9cea021 elementor-position-left elementor-vertical-align-top elementor-widget elementor-widget-image-box\" data-id=\"9cea021\" data-element_type=\"widget\" data-widget_type=\"image-box.default\">\n\t\t\t\t<div class=\"elementor-widget-container\">\n\t\t\t\t\t<div class=\"elementor-image-box-wrapper\"><figure class=\"elementor-image-box-img\"><img decoding=\"async\" width=\"100\" height=\"54\" src=\"https:\/\/labquest.com.br\/es\/wp-content\/uploads\/2021\/11\/labquest_icon_2.png\" class=\"attachment-full size-full wp-image-747\" alt=\"\" \/><\/figure><div class=\"elementor-image-box-content\"><h3 class=\"elementor-image-box-title\">Nuestra visi\u00f3n<\/h3><p class=\"elementor-image-box-description\">Ser reconocida como una empresa referente en el reclutamiento y la recolecci\u00f3n de datos en el segmento de Healthcare, comprometida con sus soluciones y resultados, ofreciendo una consultor\u00eda completa y confiable, proveedora de informaciones estrat\u00e9gicas y precisas, con conocimiento del mercado.<\/p><\/div><\/div>\t\t\t\t<\/div>\n\t\t\t\t<\/div>\n\t\t\t\t<div class=\"elementor-element elementor-element-aaaa469 elementor-position-left elementor-vertical-align-top elementor-widget elementor-widget-image-box\" data-id=\"aaaa469\" data-element_type=\"widget\" data-widget_type=\"image-box.default\">\n\t\t\t\t<div class=\"elementor-widget-container\">\n\t\t\t\t\t<div class=\"elementor-image-box-wrapper\"><figure class=\"elementor-image-box-img\"><img decoding=\"async\" width=\"82\" height=\"82\" src=\"https:\/\/labquest.com.br\/es\/wp-content\/uploads\/2021\/11\/labquest_icon_3.png\" class=\"attachment-full size-full wp-image-766\" alt=\"\" \/><\/figure><div class=\"elementor-image-box-content\"><h3 class=\"elementor-image-box-title\">Nuestros valores<\/h3><p class=\"elementor-image-box-description\">\u00c9tica, compromiso, dedicaci\u00f3n, confianza, respeto, foco en el cliente y excelencia.<\/p><\/div><\/div>\t\t\t\t<\/div>\n\t\t\t\t<\/div>\n\t\t\t\t\t<\/div>\n\t\t<\/div>\n\t\t\t\t\t<\/div>\n\t\t<\/section>\n\t\t\t\t\t<\/div>\n\t\t<\/div>\n\t\t\t\t<div class=\"elementor-column elementor-col-50 elementor-top-column elementor-element elementor-element-23d47a3\" data-id=\"23d47a3\" data-element_type=\"column\">\n\t\t\t<div class=\"elementor-widget-wrap elementor-element-populated\">\n\t\t\t\t\t\t<div class=\"elementor-element elementor-element-c775687 elementor-widget__width-auto elementor-absolute elementor-widget elementor-widget-image\" data-id=\"c775687\" data-element_type=\"widget\" data-settings=\"{&quot;_position&quot;:&quot;absolute&quot;}\" data-widget_type=\"image.default\">\n\t\t\t\t<div class=\"elementor-widget-container\">\n\t\t\t\t\t\t\t\t\t\t\t\t\t\t\t<img loading=\"lazy\" decoding=\"async\" width=\"396\" height=\"145\" src=\"https:\/\/labquest.com.br\/es\/wp-content\/uploads\/2021\/09\/historia_corner.png\" class=\"attachment-large size-large wp-image-418\" alt=\"\" srcset=\"https:\/\/labquest.com.br\/es\/wp-content\/uploads\/2021\/09\/historia_corner.png 396w, https:\/\/labquest.com.br\/es\/wp-content\/uploads\/2021\/09\/historia_corner-300x110.png 300w\" sizes=\"(max-width: 396px) 100vw, 396px\" \/>\t\t\t\t\t\t\t\t\t\t\t\t\t\t\t<\/div>\n\t\t\t\t<\/div>\n\t\t\t\t\t<\/div>\n\t\t<\/div>\n\t\t\t\t\t<\/div>\n\t\t<\/section>\n\t\t\t\t<\/div>\n\t\t","protected":false},"excerpt":{"rendered":"<p>\u00bfQui\u00e9nes somos? Especializada en realizar estudios de Healthcare para su negocio, Labquest realiza el reclutamiento y la recolecci\u00f3n de datos para estudios de mercado, aportando soluciones y transformando datos en estrategias que contribuyan en el proceso de tomada de decisiones. Trabajamos con un estricto control de calidad, verificaci\u00f3n y validaci\u00f3n de la informaci\u00f3n recolectada y&#8230;<\/p>\n","protected":false},"author":1,"featured_media":0,"parent":0,"menu_order":0,"comment_status":"closed","ping_status":"closed","template":"","meta":{"_kad_post_transparent":"","_kad_post_title":"hide","_kad_post_layout":"fullwidth","_kad_post_sidebar_id":"","_kad_post_content_style":"unboxed","_kad_post_vertical_padding":"hide","_kad_post_feature":"hide","_kad_post_feature_position":"","_kad_post_header":false,"_kad_post_footer":false,"_joinchat":[],"footnotes":""},"class_list":["post-691","page","type-page","status-publish","hentry"],"_links":{"self":[{"href":"https:\/\/labquest.com.br\/es\/wp-json\/wp\/v2\/pages\/691","targetHints":{"allow":["GET"]}}],"collection":[{"href":"https:\/\/labquest.com.br\/es\/wp-json\/wp\/v2\/pages"}],"about":[{"href":"https:\/\/labquest.com.br\/es\/wp-json\/wp\/v2\/types\/page"}],"author":[{"embeddable":true,"href":"https:\/\/labquest.com.br\/es\/wp-json\/wp\/v2\/users\/1"}],"replies":[{"embeddable":true,"href":"https:\/\/labquest.com.br\/es\/wp-json\/wp\/v2\/comments?post=691"}],"version-history":[{"count":0,"href":"https:\/\/labquest.com.br\/es\/wp-json\/wp\/v2\/pages\/691\/revisions"}],"wp:attachment":[{"href":"https:\/\/labquest.com.br\/es\/wp-json\/wp\/v2\/media?parent=691"}],"curies":[{"name":"wp","href":"https:\/\/api.w.org\/{rel}","templated":true}]}}